{"id":2062,"date":"2021-04-21T12:48:13","date_gmt":"2021-04-21T12:48:13","guid":{"rendered":"https:\/\/trailformentera.com\/?page_id=2062"},"modified":"2025-08-19T13:02:05","modified_gmt":"2025-08-19T13:02:05","slug":"agenda","status":"publish","type":"page","link":"https:\/\/www.trailformentera.com\/?page_id=2062&lang=es","title":{"rendered":"AGENDA"},"content":{"rendered":"\n<p class=\"has-medium-font-size\"><strong>AGENDA<\/strong><\/p>\n\n\n\n<p><strong>Viernes 27 de marzo<\/strong><\/p>\n\n\n\n<p>\u2022 Entrega de dorsales de 17 a 20h en la carpa habilitada en el puerto de La Savina.<\/p>\n\n\n\n<p><strong>S\u00e1bado 28 de marzo<\/strong><\/p>\n\n\n\n<p>\u2022 Entrega de dorsales de 8 a 15h en la carpa habilitada en el puerto de La Savina.<\/p>\n\n\n\n<p>\u2022 9:00 h Salida de la Formentera All Round Trail 72KM. En Puerto La Savina. Tiempo l\u00edmite: 13 horas.<\/p>\n\n\n\n<p>\u2022 10:30 h Salida Bus Half Round Trail 38,5KM. Trayecto desde Savina hasta Es Arenals.<\/p>\n\n\n\n<p>\u2022 11:30 h Salida de la Half Round Trail 38,5KM. En Es Arenals. Tiempo l\u00edmite: 8 horas.<\/p>\n\n\n\n<p>\u2022 15:30 h Salida Bus Tros de FART 19KM. Trayecto desde Savina hasta Es Cal\u00f3 de Sant Agust\u00ed.<\/p>\n\n\n\n<p>\u2022 16:00 h Salida de la Tros de FART 19KM. En Es Cal\u00f3 de Sant Agust\u00ed. Tiempo l\u00edmite: 4 horas.<\/p>\n\n\n\n<p>\u2022 18:00 h Salida Formotor 11km de FART. La Savina.<\/p>\n\n\n\n<p>\u2022 Entrega de premios a las 19h.<\/p>\n","protected":false},"excerpt":{"rendered":"<p>AGENDA Viernes 27 de marzo \u2022 Entrega de dorsales de 17 a 20h en la carpa habilitada en el puerto de La Savina. S\u00e1bado 28 de marzo \u2022 Entrega de dorsales de 8 a 15h en la carpa habilitada en el puerto de La Savina. \u2022 9:00 h Salida de la Formentera All Round Trail [&hellip;]<\/p>\n","protected":false},"author":1,"featured_media":0,"parent":0,"menu_order":0,"comment_status":"closed","ping_status":"closed","template":"wp-custom-template-pagines-es","meta":{"footnotes":""},"class_list":["post-2062","page","type-page","status-publish","hentry"],"_links":{"self":[{"href":"https:\/\/www.trailformentera.com\/index.php?rest_route=\/wp\/v2\/pages\/2062","targetHints":{"allow":["GET"]}}],"collection":[{"href":"https:\/\/www.trailformentera.com\/index.php?rest_route=\/wp\/v2\/pages"}],"about":[{"href":"https:\/\/www.trailformentera.com\/index.php?rest_route=\/wp\/v2\/types\/page"}],"author":[{"embeddable":true,"href":"https:\/\/www.trailformentera.com\/index.php?rest_route=\/wp\/v2\/users\/1"}],"replies":[{"embeddable":true,"href":"https:\/\/www.trailformentera.com\/index.php?rest_route=%2Fwp%2Fv2%2Fcomments&post=2062"}],"version-history":[{"count":22,"href":"https:\/\/www.trailformentera.com\/index.php?rest_route=\/wp\/v2\/pages\/2062\/revisions"}],"predecessor-version":[{"id":4841,"href":"https:\/\/www.trailformentera.com\/index.php?rest_route=\/wp\/v2\/pages\/2062\/revisions\/4841"}],"wp:attachment":[{"href":"https:\/\/www.trailformentera.com\/index.php?rest_route=%2Fwp%2Fv2%2Fmedia&parent=2062"}],"curies":[{"name":"wp","href":"https:\/\/api.w.org\/{rel}","templated":true}]}}