{"id":776,"date":"2021-03-12T17:13:37","date_gmt":"2021-03-12T17:13:37","guid":{"rendered":"https:\/\/trailformentera.com\/?page_id=776"},"modified":"2025-08-21T08:53:08","modified_gmt":"2025-08-21T08:53:08","slug":"tros-de-fart-2","status":"publish","type":"page","link":"https:\/\/www.trailformentera.com\/?page_id=776&lang=es","title":{"rendered":"Tros de FART"},"content":{"rendered":"\n<p><\/p>\n\n\n\n<p><strong>Tros de FART<\/strong><\/p>\n\n\n\n<figure class=\"wp-block-image size-large\"><img loading=\"lazy\" decoding=\"async\" width=\"1024\" height=\"587\" src=\"https:\/\/www.trailformentera.com\/wp-content\/uploads\/2024\/10\/tros-de-fart-1024x587.png\" alt=\"\" class=\"wp-image-4591\" srcset=\"https:\/\/www.trailformentera.com\/wp-content\/uploads\/2024\/10\/tros-de-fart-1024x587.png 1024w, https:\/\/www.trailformentera.com\/wp-content\/uploads\/2024\/10\/tros-de-fart-300x172.png 300w, https:\/\/www.trailformentera.com\/wp-content\/uploads\/2024\/10\/tros-de-fart-768x440.png 768w, https:\/\/www.trailformentera.com\/wp-content\/uploads\/2024\/10\/tros-de-fart.png 1097w\" sizes=\"auto, (max-width: 1024px) 100vw, 1024px\" \/><\/figure>\n\n\n\n<p>Salida en el parking del Cal\u00f3 de Sant Agust\u00ed y llegada en el Puerto&nbsp;de la Savina<\/p>\n\n\n\n<p><a href=\"https:\/\/www.trailformentera.com\/documents\/formentera-20km.kml\">TRACK KML<\/a><br><a href=\"https:\/\/www.trailformentera.com\/documents\/Tros de FART 2025.gpx\">TRACK GPX<\/a><\/p>\n\n\n\n<p><\/p>\n\n\n\n<p><strong>Rut\u00f3metro con horarios de corte<\/strong><\/p>\n\n\n\n<figure class=\"wp-block-table has-x-small-font-size\"><table class=\"has-default-background-color has-background has-border-color has-base-border-color has-fixed-layout\" style=\"border-style:solid;border-width:5px\"><tbody><tr><td>CONTROL<\/td><td>PUNT KM<\/td><td>PARCIAL KM<\/td><td>TIEMPO DE CORTE<\/td><td>RITMO<\/td><td>TIEMPO DE CARRERA<\/td><\/tr><tr><td>ES CALO<\/td><td>0<\/td><td>0<\/td><td>09:00h<\/td><td>10:00<\/td><td>0:00:00 H<\/td><\/tr><tr><td>PUNTA PRIMA<\/td><td>7,5<\/td><td>7,5<\/td><td>10:21h<\/td><td>10:50<\/td><td>1:21:15 H<\/td><\/tr><tr><td>ES PAS<\/td><td>14,9<\/td><td>7,4<\/td><td>11:46h<\/td><td>11:10<\/td><td>2:46:23 H<\/td><\/tr><tr><td>LA SAVINA<\/td><td>21,9<\/td><td>7<\/td><td>13:28h<\/td><td>12:15<\/td><td>4:28:16 H<\/td><\/tr><\/tbody><\/table><\/figure>\n","protected":false},"excerpt":{"rendered":"<p>Tros de FART Salida en el parking del Cal\u00f3 de Sant Agust\u00ed y llegada en el Puerto&nbsp;de la Savina TRACK KMLTRACK GPX Rut\u00f3metro con horarios de corte CONTROL PUNT KM PARCIAL KM TIEMPO DE CORTE RITMO TIEMPO DE CARRERA ES CALO 0 0 09:00h 10:00 0:00:00 H PUNTA PRIMA 7,5 7,5 10:21h 10:50 1:21:15 H [&hellip;]<\/p>\n","protected":false},"author":1,"featured_media":0,"parent":0,"menu_order":0,"comment_status":"closed","ping_status":"closed","template":"wp-custom-template-pagines-es","meta":{"footnotes":""},"class_list":["post-776","page","type-page","status-publish","hentry"],"_links":{"self":[{"href":"https:\/\/www.trailformentera.com\/index.php?rest_route=\/wp\/v2\/pages\/776","targetHints":{"allow":["GET"]}}],"collection":[{"href":"https:\/\/www.trailformentera.com\/index.php?rest_route=\/wp\/v2\/pages"}],"about":[{"href":"https:\/\/www.trailformentera.com\/index.php?rest_route=\/wp\/v2\/types\/page"}],"author":[{"embeddable":true,"href":"https:\/\/www.trailformentera.com\/index.php?rest_route=\/wp\/v2\/users\/1"}],"replies":[{"embeddable":true,"href":"https:\/\/www.trailformentera.com\/index.php?rest_route=%2Fwp%2Fv2%2Fcomments&post=776"}],"version-history":[{"count":8,"href":"https:\/\/www.trailformentera.com\/index.php?rest_route=\/wp\/v2\/pages\/776\/revisions"}],"predecessor-version":[{"id":4913,"href":"https:\/\/www.trailformentera.com\/index.php?rest_route=\/wp\/v2\/pages\/776\/revisions\/4913"}],"wp:attachment":[{"href":"https:\/\/www.trailformentera.com\/index.php?rest_route=%2Fwp%2Fv2%2Fmedia&parent=776"}],"curies":[{"name":"wp","href":"https:\/\/api.w.org\/{rel}","templated":true}]}}